{"id":37,"date":"2023-12-04T17:57:49","date_gmt":"2023-12-04T20:57:49","guid":{"rendered":"https:\/\/optlight.com.br\/?page_id=37"},"modified":"2024-03-11T15:55:52","modified_gmt":"2024-03-11T18:55:52","slug":"servicos","status":"publish","type":"page","link":"https:\/\/optlight.com.br\/?page_id=37","title":{"rendered":"Optlight &#8211; Portf\u00f3lio de servi\u00e7os"},"content":{"rendered":"\n<p>Abaixo relacionamos os servi\u00e7os providos pela Optlight a operadoras, fornecedores e integradores de redes fixas de comunica\u00e7\u00e3o. Estamos sempre a disposi\u00e7\u00e3o para discutir outros escopos e modelos de servi\u00e7os que sejam mais aderentes a realidade de nossos clientes.<\/p>\n\n\n\n<h2 class=\"wp-block-heading\">I &#8211; Consultoria em redes <\/h2>\n\n\n\n<figure class=\"wp-block-image size-large is-resized\"><img loading=\"lazy\" decoding=\"async\" width=\"1024\" height=\"684\" src=\"http:\/\/optlight.com.br\/wp-content\/uploads\/2023\/12\/iStock-1369239918-1024x684.jpg\" alt=\"\" class=\"wp-image-59\" style=\"width:827px;height:auto\" srcset=\"https:\/\/optlight.com.br\/wp-content\/uploads\/2023\/12\/iStock-1369239918-1024x684.jpg 1024w, https:\/\/optlight.com.br\/wp-content\/uploads\/2023\/12\/iStock-1369239918-300x200.jpg 300w, https:\/\/optlight.com.br\/wp-content\/uploads\/2023\/12\/iStock-1369239918-768x513.jpg 768w, https:\/\/optlight.com.br\/wp-content\/uploads\/2023\/12\/iStock-1369239918-1536x1025.jpg 1536w, https:\/\/optlight.com.br\/wp-content\/uploads\/2023\/12\/iStock-1369239918-2048x1367.jpg 2048w, https:\/\/optlight.com.br\/wp-content\/uploads\/2023\/12\/iStock-1369239918-360x240.jpg 360w\" sizes=\"(max-width: 1024px) 100vw, 1024px\" \/><\/figure>\n\n\n\n<p>Com o objetivo de apoiar as operadoras, fornecedores e integradores de equipamentos para redes fixas de comunica\u00e7\u00e3o (Optical e IP), oferecemos os seguintes servi\u00e7os de consultoria: <\/p>\n\n\n\n<ul>\n<li>An\u00e1lise das tecnologias e arquiteturas dispon\u00edveis e em discuss\u00e3o nos diferentes segmentos de rede,  assim como as tend\u00eancias de evolu\u00e7\u00e3o e ado\u00e7\u00e3o entre os principais &#8220;players&#8221; de mercado, em n\u00edvel local e mundial.<\/li>\n\n\n\n<li>An\u00e1lise de mercado e posicionamento dos diferentes fornecedores e operadoras de redes fixas de comunica\u00e7\u00e3o.<\/li>\n\n\n\n<li>Avalia\u00e7\u00e3o das implica\u00e7\u00f5es ao neg\u00f3cio do cliente de movimentos de mercado, baseado nas posi\u00e7\u00f5es dos principais analistas.<\/li>\n\n\n\n<li>Auxilio na defini\u00e7\u00e3o de estrat\u00e9gia t\u00e9cnica, de acordo com os objetivos de neg\u00f3cio do cliente.<\/li>\n\n\n\n<li>Elabora\u00e7\u00e3o de Business cases e estudos de casos, de maneira a subsidiar tomadas de decis\u00f5es t\u00e9cnicas e executivas.<\/li>\n\n\n\n<li>An\u00e1lise dos processos internos deste a etapa de pr\u00e9-vendas\/vendas at\u00e9 a fase de implanta\u00e7\u00e3o\/opera\u00e7\u00e3o de redes, com objetivo de identificar gaps e poss\u00edveis melhoramentos em cada etapa, assim como na transi\u00e7\u00e3o entre as \u00e1reas. Proposi\u00e7\u00e3o das melhores pr\u00e1ticas.<\/li>\n<\/ul>\n\n\n\n<h2 class=\"wp-block-heading\">II &#8211; Planejamento e projetos de redes<\/h2>\n\n\n\n<figure class=\"wp-block-image size-large\"><img loading=\"lazy\" decoding=\"async\" width=\"1024\" height=\"683\" src=\"http:\/\/optlight.com.br\/wp-content\/uploads\/2023\/12\/iStock-1473781095-1024x683.jpg\" alt=\"\" class=\"wp-image-60\" srcset=\"https:\/\/optlight.com.br\/wp-content\/uploads\/2023\/12\/iStock-1473781095-1024x683.jpg 1024w, https:\/\/optlight.com.br\/wp-content\/uploads\/2023\/12\/iStock-1473781095-300x200.jpg 300w, https:\/\/optlight.com.br\/wp-content\/uploads\/2023\/12\/iStock-1473781095-768x512.jpg 768w, https:\/\/optlight.com.br\/wp-content\/uploads\/2023\/12\/iStock-1473781095-1536x1024.jpg 1536w, https:\/\/optlight.com.br\/wp-content\/uploads\/2023\/12\/iStock-1473781095-2048x1365.jpg 2048w, https:\/\/optlight.com.br\/wp-content\/uploads\/2023\/12\/iStock-1473781095-360x240.jpg 360w\" sizes=\"(max-width: 1024px) 100vw, 1024px\" \/><\/figure>\n\n\n\n<p>Planejamento\/projeto de redes \u00d3pticas, seja no acesso (lastmile, fronthaul), na rede metro (pre-agrega\u00e7\u00e3o, agrega\u00e7\u00e3o, core), Longa distancia ou Ultra longa distancia, em atendimento as diferentes arquiteturas e demandas de tr\u00e1fego ( xPON, mobile 4G\/5G, DCI, Peering, Transporte metro, Transporte de longa dist\u00e2ncia,&#8230;)<\/p>\n\n\n\n<ul>\n<li>Avalia\u00e7\u00e3o das poss\u00edveis arquiteturas de rede, destacando pr\u00f3s e contras t\u00e9cnicos e impactos de CAPEX e OPEX<\/li>\n\n\n\n<li>Especifica\u00e7\u00e3o t\u00e9cnica em n\u00edvel de equipamento, ger\u00eancia e automa\u00e7\u00e3o, assim como prepara\u00e7\u00e3o\/respostas a RFI\u2019s e RFP\u2019s<\/li>\n\n\n\n<li>Dimensionamento de capacidades e Network Design<\/li>\n\n\n\n<li>Design e link budget \u00f3ptico (Single Channel ou DWDM), por m\u00e9todos manuais ou atrav\u00e9s de ferramentas de modelamento customizadas<\/li>\n\n\n\n<li>Gera\u00e7\u00e3o de lista e configura\u00e7\u00f5es de equipamentos<\/li>\n\n\n\n<li>Design\/projeto de automa\u00e7\u00e3o de rede<\/li>\n\n\n\n<li>Especifica\u00e7\u00e3o e execu\u00e7\u00e3o de provas de conceito e homologa\u00e7\u00f5es de produtos e solu\u00e7\u00f5es<\/li>\n\n\n\n<li>Itera\u00e7\u00e3o com diferentes detentores de solu\u00e7\u00e3o para testes de interoperabilidade<\/li>\n\n\n\n<li>Apresenta\u00e7\u00f5es t\u00e9cnicas de qualquer natureza no contexto de redes de comunica\u00e7\u00e3o<\/li>\n\n\n\n<li>Avalia\u00e7\u00e3o e equaliza\u00e7\u00e3o de solu\u00e7\u00f5es de diferentes fornecedores<\/li>\n\n\n\n<li>Embaixador tecnol\u00f3gico e lideran\u00e7a t\u00e9cnica<\/li>\n<\/ul>\n\n\n\n<h2 class=\"wp-block-heading\">III &#8211; Projeto e suporte a implanta\u00e7\u00e3o\/opera\u00e7\u00e3o de redes<\/h2>\n\n\n\n<figure class=\"wp-block-image size-large is-resized\"><img loading=\"lazy\" decoding=\"async\" width=\"1024\" height=\"684\" src=\"http:\/\/optlight.com.br\/wp-content\/uploads\/2023\/12\/iStock-160840867-1024x684.jpg\" alt=\"\" class=\"wp-image-61\" style=\"width:840px;height:auto\" srcset=\"https:\/\/optlight.com.br\/wp-content\/uploads\/2023\/12\/iStock-160840867-1024x684.jpg 1024w, https:\/\/optlight.com.br\/wp-content\/uploads\/2023\/12\/iStock-160840867-300x200.jpg 300w, https:\/\/optlight.com.br\/wp-content\/uploads\/2023\/12\/iStock-160840867-768x513.jpg 768w, https:\/\/optlight.com.br\/wp-content\/uploads\/2023\/12\/iStock-160840867-1536x1025.jpg 1536w, https:\/\/optlight.com.br\/wp-content\/uploads\/2023\/12\/iStock-160840867-2048x1367.jpg 2048w, https:\/\/optlight.com.br\/wp-content\/uploads\/2023\/12\/iStock-160840867-360x240.jpg 360w\" sizes=\"(max-width: 1024px) 100vw, 1024px\" \/><\/figure>\n\n\n\n<p>Prepara\u00e7\u00e3o de projetos e suporte a implanta\u00e7\u00e3o\/reconfigura\u00e7\u00e3o de redes \u00d3pticas.<\/p>\n\n\n\n<ul>\n<li>Gera\u00e7\u00e3o de pr\u00e9-projetos para site-survey.<\/li>\n\n\n\n<li>An\u00e1lise de dados de caracteriza\u00e7\u00e3o de fibra e revis\u00e3o de design \u00f3ptico, utilizando ferramentas customizadas ou n\u00e3o<\/li>\n\n\n\n<li>Gera\u00e7\u00e3o de diagramas de rede, layout de sites e listas de cabeamento<\/li>\n\n\n\n<li>Gera\u00e7\u00e3o\/revis\u00e3o de parametriza\u00e7\u00e3o e provisionamento dos sites da rede<\/li>\n\n\n\n<li>Gera\u00e7\u00e3o de protocolos de testes locais e sist\u00e9micos<\/li>\n\n\n\n<li>Apoio t\u00e9cnico \u00e0s equipes de campo durante fase de implanta\u00e7\u00e3o da rede<\/li>\n\n\n\n<li>Apoio t\u00e9cnico a atividades de trouble-shooting de rede<\/li>\n\n\n\n<li>Otimiza\u00e7\u00e3o de redes DWDM, atrav\u00e9s da an\u00e1lise da margem de OSNR dos links \u00f3pticos, para os diferentes servi\u00e7os e recomenda\u00e7\u00e3o de atua\u00e7\u00e3o na rede de fibras e\/ou no sistema \u00f3ptico (Re-parametriza\u00e7\u00e3o do sistema, troca de HW,&#8230; )<\/li>\n\n\n\n<li>Prepara\u00e7\u00e3o de documentos detalhados para atividades de interven\u00e7\u00e3o em rede viva (MoP-Method of Procedure)<\/li>\n\n\n\n<li>Apoio a atividades de reconfigura\u00e7\u00e3o em janela de manuten\u00e7\u00e3o<\/li>\n\n\n\n<li>Gerencia das atividades de projeto.<\/li>\n\n\n\n<li>Interface entre os diferentes donos de tecnologia, sejam internos ou externos. (Opera\u00e7\u00e3o de redes, Engenharia, fornecedores de diferentes solu\u00e7\u00f5es e tecnologia)<\/li>\n<\/ul>\n\n\n\n<h2 class=\"wp-block-heading\">IV &#8211; Capacita\u00e7\u00e3o t\u00e9cnica e operacional em redes<\/h2>\n\n\n\n<figure class=\"wp-block-image size-large\"><img loading=\"lazy\" decoding=\"async\" width=\"1024\" height=\"683\" src=\"http:\/\/optlight.com.br\/wp-content\/uploads\/2023\/12\/iStock-1309080507-1024x683.jpg\" alt=\"\" class=\"wp-image-87\" srcset=\"https:\/\/optlight.com.br\/wp-content\/uploads\/2023\/12\/iStock-1309080507-1024x683.jpg 1024w, https:\/\/optlight.com.br\/wp-content\/uploads\/2023\/12\/iStock-1309080507-300x200.jpg 300w, https:\/\/optlight.com.br\/wp-content\/uploads\/2023\/12\/iStock-1309080507-768x512.jpg 768w, https:\/\/optlight.com.br\/wp-content\/uploads\/2023\/12\/iStock-1309080507-1536x1024.jpg 1536w, https:\/\/optlight.com.br\/wp-content\/uploads\/2023\/12\/iStock-1309080507-2048x1365.jpg 2048w, https:\/\/optlight.com.br\/wp-content\/uploads\/2023\/12\/iStock-1309080507-360x240.jpg 360w\" sizes=\"(max-width: 1024px) 100vw, 1024px\" \/><\/figure>\n\n\n\n<p>Treinamento em tecnologia, arquiteturas e solu\u00e7\u00f5es para redes \u00d3pticas. <\/p>\n\n\n\n<ul>\n<li>Treinamento em redes \u00f3pticas de comunica\u00e7\u00e3o<\/li>\n\n\n\n<li>Treinamento em Ger\u00eancia e automa\u00e7\u00e3o de redes<\/li>\n\n\n\n<li>Treinamento em design e planejamento de redes<\/li>\n\n\n\n<li>Treinamento em solu\u00e7\u00f5es\/produtos \u00f3pticos de diferentes fornecedores<\/li>\n\n\n\n<li>Treinamento em processos operacionais de rede<\/li>\n\n\n\n<li>Treinamentos customizados segundo necessidades do cliente<\/li>\n<\/ul>\n\n\n\n<p><\/p>\n\n\n\n<h2 class=\"wp-block-heading\">Optlight<\/h2>\n","protected":false},"excerpt":{"rendered":"<p>Abaixo relacionamos os servi\u00e7os providos pela Optlight a operadoras, fornecedores e integradores de redes fixas de comunica\u00e7\u00e3o. Estamos sempre a disposi\u00e7\u00e3o para discutir outros escopos e modelos de servi\u00e7os que sejam mais aderentes a realidade de nossos clientes. I &#8211; Consultoria em redes Com o objetivo de apoiar as operadoras, [&hellip;]<\/p>\n","protected":false},"author":1,"featured_media":0,"parent":0,"menu_order":0,"comment_status":"closed","ping_status":"closed","template":"","meta":{"om_disable_all_campaigns":false,"_monsterinsights_skip_tracking":false,"_monsterinsights_sitenote_active":false,"_monsterinsights_sitenote_note":"","_monsterinsights_sitenote_category":0,"footnotes":""},"aioseo_notices":[],"_links":{"self":[{"href":"https:\/\/optlight.com.br\/index.php?rest_route=\/wp\/v2\/pages\/37"}],"collection":[{"href":"https:\/\/optlight.com.br\/index.php?rest_route=\/wp\/v2\/pages"}],"about":[{"href":"https:\/\/optlight.com.br\/index.php?rest_route=\/wp\/v2\/types\/page"}],"author":[{"embeddable":true,"href":"https:\/\/optlight.com.br\/index.php?rest_route=\/wp\/v2\/users\/1"}],"replies":[{"embeddable":true,"href":"https:\/\/optlight.com.br\/index.php?rest_route=%2Fwp%2Fv2%2Fcomments&post=37"}],"version-history":[{"count":21,"href":"https:\/\/optlight.com.br\/index.php?rest_route=\/wp\/v2\/pages\/37\/revisions"}],"predecessor-version":[{"id":397,"href":"https:\/\/optlight.com.br\/index.php?rest_route=\/wp\/v2\/pages\/37\/revisions\/397"}],"wp:attachment":[{"href":"https:\/\/optlight.com.br\/index.php?rest_route=%2Fwp%2Fv2%2Fmedia&parent=37"}],"curies":[{"name":"wp","href":"https:\/\/api.w.org\/{rel}","templated":true}]}}